{"id":98,"date":"2018-01-09T15:37:57","date_gmt":"2018-01-09T14:37:57","guid":{"rendered":"https:\/\/www.antjetorff.de\/?page_id=98"},"modified":"2021-01-31T19:00:16","modified_gmt":"2021-01-31T18:00:16","slug":"impressum","status":"publish","type":"page","link":"https:\/\/www.antjetorff.de\/?page_id=98","title":{"rendered":"Impressum"},"content":{"rendered":"<p>Antje Torff<\/p>\n<p>Fleeth\u00f6rn 37<br \/>\n24103 Kiel<\/p>\n<table>\n<tbody>\n<tr>\n<td>Telefon:<\/td>\n<td>0162 9891408<\/td>\n<\/tr>\n<tr>\n<td>E-Mail:<\/td>\n<td>antje@torff.de<\/td>\n<\/tr>\n<\/tbody>\n<\/table>\n<p>Antje Torff<br \/>\nKleinunternehmerin<\/p>\n<p>Verantwortlich im Sinne vom \u00a7 5 TMG: Antje Torff<\/p>\n<p>\u00a9 2011 Antje Torff. Alle Rechte vorbehalten. \u00c4nderungen und Irrt\u00fcmer vorbehalten. Alle verwendeten und eingetragenen Warenzeichen sind Eigentum ihrer jeweiligen Inhaber.<\/p>\n<h3>Haftungshinweis<\/h3>\n<p>Trotz sorgf\u00e4ltiger inhaltlicher Kontrolle \u00fcbernehmen wir keine Haftung f\u00fcr die Inhalte externer Links. F\u00fcr den Inhalt der verlinkten Seiten sind ausschlie\u00dflich deren Betreiber verantwortlich.<\/p>\n<h3>Copyright (Urheberrechte)<\/h3>\n<p>Alle Texte, Bilder, Audio-\/Video-Dateien sowie das Layout dieser Seiten sind urheberrechtlich gesch\u00fctzt. Die Verwendung der Inhalte dieser Website sind nur f\u00fcr den privaten, nicht kommerziellen Gebrauch gestattet. Die Nutzung f\u00fcr andere Zwecke bedarf einer Genehmigung durch die Verantwortlichen dieser Website.<\/p>\n","protected":false},"excerpt":{"rendered":"<p>Antje Torff Fleeth\u00f6rn 37 24103 Kiel Telefon: 0162 9891408 E-Mail: antje@torff.de Antje Torff Kleinunternehmerin Verantwortlich im Sinne vom \u00a7 5 TMG: Antje Torff \u00a9 2011 Antje Torff. Alle&#8230;<\/p>\n","protected":false},"author":2,"featured_media":0,"parent":0,"menu_order":3,"comment_status":"closed","ping_status":"closed","template":"","meta":{"footnotes":""},"class_list":["post-98","page","type-page","status-publish","hentry"],"_links":{"self":[{"href":"https:\/\/www.antjetorff.de\/index.php?rest_route=\/wp\/v2\/pages\/98","targetHints":{"allow":["GET"]}}],"collection":[{"href":"https:\/\/www.antjetorff.de\/index.php?rest_route=\/wp\/v2\/pages"}],"about":[{"href":"https:\/\/www.antjetorff.de\/index.php?rest_route=\/wp\/v2\/types\/page"}],"author":[{"embeddable":true,"href":"https:\/\/www.antjetorff.de\/index.php?rest_route=\/wp\/v2\/users\/2"}],"replies":[{"embeddable":true,"href":"https:\/\/www.antjetorff.de\/index.php?rest_route=%2Fwp%2Fv2%2Fcomments&post=98"}],"version-history":[{"count":4,"href":"https:\/\/www.antjetorff.de\/index.php?rest_route=\/wp\/v2\/pages\/98\/revisions"}],"predecessor-version":[{"id":115,"href":"https:\/\/www.antjetorff.de\/index.php?rest_route=\/wp\/v2\/pages\/98\/revisions\/115"}],"wp:attachment":[{"href":"https:\/\/www.antjetorff.de\/index.php?rest_route=%2Fwp%2Fv2%2Fmedia&parent=98"}],"curies":[{"name":"wp","href":"https:\/\/api.w.org\/{rel}","templated":true}]}}